{"id":52,"date":"2022-12-29T09:58:35","date_gmt":"2022-12-29T08:58:35","guid":{"rendered":"https:\/\/afges.azurewebsites.net\/?page_id=52"},"modified":"2025-01-06T01:02:31","modified_gmt":"2025-01-06T00:02:31","slug":"contact","status":"publish","type":"page","link":"https:\/\/interne.afges.org\/en\/contact\/","title":{"rendered":"Contact us"},"content":{"rendered":"<div data-elementor-type=\"wp-page\" data-elementor-id=\"52\" class=\"elementor elementor-52\">\n\t\t\t\t\t\t<header class=\"elementor-section elementor-top-section elementor-element elementor-element-3a61f27 elementor-section-boxed elementor-section-height-default elementor-section-height-default\" data-id=\"3a61f27\" data-element_type=\"section\" data-e-type=\"section\" data-settings=\"{&quot;background_background&quot;:&quot;classic&quot;}\">\n\t\t\t\t\t\t<div class=\"elementor-container elementor-column-gap-default\">\n\t\t\t\t\t<div class=\"elementor-column elementor-col-100 elementor-top-column elementor-element elementor-element-5f3b3dc\" data-id=\"5f3b3dc\" data-element_type=\"column\" data-e-type=\"column\">\n\t\t\t<div class=\"elementor-widget-wrap elementor-element-populated\">\n\t\t\t\t\t\t<div class=\"elementor-element elementor-element-f711dd2 elementor-widget__width-initial elementor-widget-tablet__width-initial elementor-widget-mobile__width-initial elementor-invisible elementor-widget elementor-widget-heading\" data-id=\"f711dd2\" data-element_type=\"widget\" data-e-type=\"widget\" data-settings=\"{&quot;_animation&quot;:&quot;fadeIn&quot;}\" data-widget_type=\"heading.default\">\n\t\t\t\t<div class=\"elementor-widget-container\">\n\t\t\t\t\t<h1 class=\"elementor-heading-title elementor-size-default\">Contact us<\/h1>\t\t\t\t<\/div>\n\t\t\t\t<\/div>\n\t\t\t\t<section class=\"elementor-section elementor-inner-section elementor-element elementor-element-9baf7c6 elementor-section-boxed elementor-section-height-default elementor-section-height-default\" data-id=\"9baf7c6\" data-element_type=\"section\" data-e-type=\"section\">\n\t\t\t\t\t\t<div class=\"elementor-container elementor-column-gap-default\">\n\t\t\t\t\t<div class=\"elementor-column elementor-col-100 elementor-inner-column elementor-element elementor-element-cc9aec0 elementor-invisible\" data-id=\"cc9aec0\" data-element_type=\"column\" data-e-type=\"column\" data-settings=\"{&quot;animation&quot;:&quot;fadeIn&quot;,&quot;animation_delay&quot;:500}\">\n\t\t\t<div class=\"elementor-widget-wrap elementor-element-populated\">\n\t\t\t\t\t\t<div class=\"elementor-element elementor-element-c1d7f35 elementor-widget__width-initial elementor-widget-tablet__width-initial elementor-widget-mobile__width-initial elementor-invisible elementor-widget elementor-widget-text-editor\" data-id=\"c1d7f35\" data-element_type=\"widget\" data-e-type=\"widget\" data-settings=\"{&quot;_animation&quot;:&quot;fadeIn&quot;}\" data-widget_type=\"text-editor.default\">\n\t\t\t\t<div class=\"elementor-widget-container\">\n\t\t\t\t\t\t\t\t\t<p>For any contact regarding a partnership, an event or a request for information about our association:<\/p>\n<p>By mail to <span><b><a href=\"mailto:contact@afges.org\" style=\"color: #f6a03c;\">contact@afges.org<\/a><\/b><\/span> ; or by phone (<span style=\"color: #f6a03c;\"><b>+33 6 72 92 68 92<\/b><\/span>).<\/p>\n<p>For any questions regarding our social grocery stores, <b><span style=\"color: #0c8260;\">AGORA\u00e9<\/span> <\/b>: By mail to <span style=\"color: #0c8260;\"><b><a href=\"mailto:agorae@afges.org\" style=\"color: #0c8260;\">agorae@afges.org<\/a><\/b><\/span> ; or by phone (<span style=\"color: #0c8260;\"><b>+33 6 38 03 49 62<\/b><\/span>).<\/p>\n<p>If you have any questions or requests concerning study conditions (exam procedures, scholarships, financial aid, problems encountered with orientation...): contact us on <span style=\"color: #f6a03c;\"><b><a href=\"mailto:hotline@afges.org\" style=\"color: #f6a03c;\">hotline@afges.org<\/a><\/b><\/span> !<\/p>\n<p>Or contact us via this form:<\/p>\t\t\t\t\t\t\t\t<\/div>\n\t\t\t\t<\/div>\n\t\t\t\t\t<\/div>\n\t\t<\/div>\n\t\t\t\t\t<\/div>\n\t\t<\/section>\n\t\t\t\t\t<\/div>\n\t\t<\/div>\n\t\t\t\t\t<\/div>\n\t\t<\/header>\n\t\t<div class=\"elementor-element elementor-element-3e9db613 e-flex e-con-boxed e-con e-parent\" data-id=\"3e9db613\" data-element_type=\"container\" data-e-type=\"container\" data-settings=\"{&quot;background_background&quot;:&quot;classic&quot;}\">\n\t\t\t\t\t<div class=\"e-con-inner\">\n\t\t\t\t<div class=\"elementor-element elementor-element-43d741e4 elementor-widget elementor-widget-text-editor\" data-id=\"43d741e4\" data-element_type=\"widget\" data-e-type=\"widget\" data-widget_type=\"text-editor.default\">\n\t\t\t\t<div class=\"elementor-widget-container\">\n\t\t\t\t\t\t\t\t\t<p><\/p>\n<p><span style=\"font-family: inherit; font-size: inherit; font-style: inherit; font-variant-ligatures: inherit; font-variant-caps: inherit; font-weight: inherit; text-align: var(--text-align); background-color: var(--theme-palette-color-7); color: var(--theme-text-color); letter-spacing: var(--theme-letter-spacing); text-transform: var(--theme-text-transform);\"><div class=\"forminator-ui forminator-custom-form forminator-custom-form-352   forminator_ajax\" data-forminator-render=\"0\" data-form=\"forminator-module-352\" data-uid=\"69f2b1d3e71f7\"><br\/><\/div><form\n\t\t\t\tid=\"forminator-module-352\"\n\t\t\t\tclass=\"forminator-ui forminator-custom-form forminator-custom-form-352   forminator_ajax\"\n\t\t\t\tmethod=\"post\"\n\t\t\t\tdata-forminator-render=\"0\"\n\t\t\t\tdata-form-id=\"352\"\n\t\t\t\t data-color-option=\"default\" data-design=\"none\" data-grid=\"open\" style=\"display: none;\"\n\t\t\t\tdata-uid=\"69f2b1d3e71f7\" action=\"\"\n\t\t\t><div role=\"alert\" aria-live=\"polite\" class=\"forminator-response-message forminator-error\" aria-hidden=\"true\"><\/div><div class=\"forminator-row\"><div id=\"name-1\" class=\"forminator-field-name forminator-col forminator-col-12\"><div class=\"forminator-row forminator-no-margin\" data-multiple=\"true\"><div class=\"forminator-col forminator-col-md-6\"><div class=\"forminator-field\"><label for=\"forminator-field-first-name-1_69f2b1d3e71f7\" id=\"forminator-field-first-name-1_69f2b1d3e71f7-label\" class=\"forminator-label\">First name <span class=\"forminator-required\">*<\/span><\/label><input type=\"text\" name=\"name-1-first-name\" placeholder=\"Jean\" id=\"forminator-field-first-name-1_69f2b1d3e71f7\" class=\"forminator-input\" aria-required=\"true\" data-multi=\"1\" autocomplete=\"given-name\" value=\"\" \/><\/div><\/div><div class=\"forminator-col forminator-col-md-6\"><div class=\"forminator-field\"><label for=\"forminator-field-last-name-1_69f2b1d3e71f7\" id=\"forminator-field-last-name-1_69f2b1d3e71f7-label\" class=\"forminator-label\">Last name <span class=\"forminator-required\">*<\/span><\/label><input type=\"text\" name=\"name-1-last-name\" placeholder=\"Durand\" id=\"forminator-field-last-name-1_69f2b1d3e71f7\" class=\"forminator-input\" aria-required=\"true\" data-multi=\"1\" autocomplete=\"family-name\" value=\"\" \/><\/div><\/div><\/div><\/div><\/div><div class=\"forminator-row\"><div id=\"email-1\" class=\"forminator-field-email forminator-col forminator-col-12\"><div class=\"forminator-field\"><label for=\"forminator-field-email-1_69f2b1d3e71f7\" id=\"forminator-field-email-1_69f2b1d3e71f7-label\" class=\"forminator-label\">e-mail address <span class=\"forminator-required\">*<\/span><\/label><input type=\"email\" name=\"email-1\" value=\"\" placeholder=\"jean.durand@example.org\" id=\"forminator-field-email-1_69f2b1d3e71f7\" class=\"forminator-input forminator-email--field\" data-required=\"true\" aria-required=\"true\" autocomplete=\"email\" \/><\/div><\/div><\/div><div class=\"forminator-row\"><div id=\"select-1\" class=\"forminator-field-select forminator-col forminator-col-12\"><div class=\"forminator-field\"><label for=\"forminator-form-352__field--select-1_69f2b1d3e71f7\" id=\"forminator-form-352__field--select-1_69f2b1d3e71f7-label\" class=\"forminator-label\">Subject <span class=\"forminator-required\">*<\/span><\/label><select  id=\"forminator-form-352__field--select-1_69f2b1d3e71f7\" class=\"forminator-select--field forminator-select2 forminator-select2-multiple\" data-required=\"1\" name=\"select-1\" data-default-value=\"infos\" data-hidden-behavior=\"zero\" data-placeholder=\"Please select an option\" data-search=\"false\" data-search-placeholder=\"Please select an option\" data-checkbox=\"false\" data-allow-clear=\"false\" aria-labelledby=\"forminator-form-352__field--select-1_69f2b1d3e71f7-label\"><option value=\"\" disabled selected>Please select an option<\/option><option value=\"part\"  data-calculation=\"1\">Partenariat<\/option><option value=\"event\"  data-calculation=\"2\">Ev\u00e9nement<\/option><option value=\"infos\" selected=\"selected\" data-calculation=\"3\">Demande d&rsquo;informations<\/option><option value=\"agorae\"  data-calculation=\"4\">AGORA\u00e9<\/option><option value=\"rentree\"  data-calculation=\"6\">Renseignements sur la rentr\u00e9e universitaire (je suis Lyc\u00e9en-ne)<\/option><option value=\"studies\"  data-calculation=\"5\">Conditions d\u2019\u00e9tudes (modalit\u00e9s d\u2019examen, bourses, aide financi\u00e8res, probl\u00e8mes rencontr\u00e9s concernant l\u2019orientation\u2026)<\/option><\/select><\/div><\/div><\/div><div class=\"forminator-row\"><div id=\"textarea-1\" class=\"forminator-field-textarea forminator-col forminator-col-12\"><div class=\"forminator-field\"><label for=\"forminator-field-textarea-1_69f2b1d3e71f7\" id=\"forminator-field-textarea-1_69f2b1d3e71f7-label\" class=\"forminator-label\">Message <span class=\"forminator-required\">*<\/span><\/label><textarea name=\"textarea-1\" placeholder=\"Saisissez votre message\u2026\" id=\"forminator-field-textarea-1_69f2b1d3e71f7\" class=\"forminator-textarea\" rows=\"6\" style=\"min-height:140px;\" maxlength=\"5000\" aria-describedby=\"forminator-field-textarea-1_69f2b1d3e71f7-description\" ><\/textarea><span id=\"forminator-field-textarea-1_69f2b1d3e71f7-description\" class=\"forminator-description\">Provide as much detail as possible about your situation\/request<span data-limit=\"5000\" data-type=\"characters\" data-editor=\"\">0 \/ 5000<\/span><\/span><\/div><\/div><\/div><div class=\"forminator-row\"><div id=\"consent-1\" class=\"forminator-field-consent forminator-col forminator-col-12\"><div class=\"forminator-field\"><label for=\"forminator-field-consent-1_69f2b1d3e71f7\" id=\"forminator-field-consent-1_69f2b1d3e71f7-label\" class=\"forminator-label\">Consent <span class=\"forminator-required\">*<\/span><\/label><div class=\"forminator-checkbox__wrapper\"><label id=\"forminator-field-consent-1_69f2b1d3e71f7__label\" class=\"forminator-checkbox forminator-consent\" aria-labelledby=\"forminator-field-consent-1_69f2b1d3e71f7-label\"><input type=\"checkbox\" name=\"consent-1\" id=\"forminator-field-consent-1_69f2b1d3e71f7\" value=\"checked\" aria-labelledby=\"forminator-field-consent-1_69f2b1d3e71f7-label\" aria-describedby=\"forminator-field-consent-1_69f2b1d3e71f7__description\" data-required=\"true\" aria-required=\"true\" \/><span class=\"forminator-checkbox-box\" aria-hidden=\"true\"><\/span><\/label><div id=\"forminator-field-consent-1_69f2b1d3e71f7__description\" class=\"forminator-checkbox__label forminator-consent__label\"><p>I agree to send the data entered when filling in this form to AFGES.<\/p><\/div><\/div><\/div><\/div><\/div><div class=\"forminator-row\"><div id=\"consent-2\" class=\"forminator-field-consent forminator-col forminator-col-12\"><div class=\"forminator-field\"><label for=\"forminator-field-consent-2_69f2b1d3e71f7\" id=\"forminator-field-consent-2_69f2b1d3e71f7-label\" class=\"forminator-label\">Sending confirmation<\/label><div class=\"forminator-checkbox__wrapper\"><label id=\"forminator-field-consent-2_69f2b1d3e71f7__label\" class=\"forminator-checkbox forminator-consent\" aria-labelledby=\"forminator-field-consent-2_69f2b1d3e71f7-label\"><input type=\"checkbox\" name=\"consent-2\" id=\"forminator-field-consent-2_69f2b1d3e71f7\" value=\"checked\" aria-labelledby=\"forminator-field-consent-2_69f2b1d3e71f7-label\" aria-describedby=\"forminator-field-consent-2_69f2b1d3e71f7__description\" data-required=\"false\" aria-required=\"false\" \/><span class=\"forminator-checkbox-box\" aria-hidden=\"true\"><\/span><\/label><div id=\"forminator-field-consent-2_69f2b1d3e71f7__description\" class=\"forminator-checkbox__label forminator-consent__label\"><p>Send a copy of my message to the email address provided above.<\/p><\/div><\/div><\/div><\/div><\/div><div class=\"forminator-row\" style=\"margin: 0;\"><div id=\"captcha-1\" class=\"forminator-field-captcha  forminator-col-12\"><div class=\"forminator-captcha-left forminator-g-recaptcha recaptcha-invisible\" data-theme=\"dark\" data-badge=\"bottomright\" data-sitekey=\"6LcztnYnAAAAAAwKFkHtm53cIQ5ktnGeIO26B_dM\" data-size=\"invisible\"><\/div> <\/div><\/div><input type=\"hidden\" name=\"referer_url\" value=\"\" \/><div class=\"forminator-row forminator-row-last\"><div class=\"forminator-col\"><div class=\"forminator-field\"><button class=\"forminator-button forminator-button-submit\">Send message<\/button><\/div><\/div><\/div><input type=\"hidden\" id=\"forminator_nonce\" name=\"forminator_nonce\" value=\"378c70d008\" \/><input type=\"hidden\" name=\"_wp_http_referer\" value=\"\/en\/wp-json\/wp\/v2\/pages\/52\" \/><input type=\"hidden\" name=\"form_id\" value=\"352\"><input type=\"hidden\" name=\"page_id\" value=\"52\"><input type=\"hidden\" name=\"form_type\" value=\"default\"><input type=\"hidden\" name=\"current_url\" value=\"https:\/\/interne.afges.org\/en\/contact\/\"><input type=\"hidden\" name=\"render_id\" value=\"0\"><input type=\"hidden\" name=\"action\" value=\"forminator_submit_form_custom-forms\"><input type=\"hidden\" name=\"trp-form-language\" value=\"en\"\/><\/form><\/span><\/p>\n<p><\/p>\t\t\t\t\t\t\t\t<\/div>\n\t\t\t\t<\/div>\n\t\t\t\t\t<\/div>\n\t\t\t\t<\/div>\n\t\t\t\t<\/div>","protected":false},"excerpt":{"rendered":"<p>Nous contacter Pour toute prise de contact relative \u00e0 un partenariat, un \u00e9v\u00e9nement ou une demande d&rsquo;information sur notre association : Par mail \u00e0 l&rsquo;adresse contact@afges.org ; ou sur notre standard (+33 6 72 92 68 92). Pour toute question concernant nos \u00e9piceries sociales, les AGORA\u00e9 : Par mail \u00e0 l&rsquo;adresse agorae@afges.org ; ou sur [&hellip;]<\/p>\n","protected":false},"author":1,"featured_media":0,"parent":0,"menu_order":0,"comment_status":"closed","ping_status":"closed","template":"elementor_header_footer","meta":{"footnotes":""},"class_list":["post-52","page","type-page","status-publish","hentry"],"blocksy_meta":[],"yoast_head":"<!-- This site is optimized with the Yoast SEO plugin v27.2 - https:\/\/yoast.com\/product\/yoast-seo-wordpress\/ -->\n<title>Nous contacter - AFGES<\/title>\n<meta name=\"robots\" content=\"index, follow, max-snippet:-1, max-image-preview:large, max-video-preview:-1\" \/>\n<link rel=\"canonical\" href=\"https:\/\/afges.org\/en\/contact\/\" \/>\n<meta property=\"og:locale\" content=\"en_US\" \/>\n<meta property=\"og:type\" content=\"article\" \/>\n<meta property=\"og:title\" content=\"Nous contacter - AFGES\" \/>\n<meta property=\"og:description\" content=\"Nous contacter Pour toute prise de contact relative \u00e0 un partenariat, un \u00e9v\u00e9nement ou une demande d&rsquo;information sur notre association : Par mail \u00e0 l&rsquo;adresse contact@afges.org ; ou sur notre standard (+33 6 72 92 68 92). Pour toute question concernant nos \u00e9piceries sociales, les AGORA\u00e9 : Par mail \u00e0 l&rsquo;adresse agorae@afges.org ; ou sur [&hellip;]\" \/>\n<meta property=\"og:url\" content=\"https:\/\/afges.org\/en\/contact\/\" \/>\n<meta property=\"og:site_name\" content=\"AFGES\" \/>\n<meta property=\"article:publisher\" content=\"https:\/\/www.facebook.com\/AFGES\" \/>\n<meta property=\"article:modified_time\" content=\"2025-01-06T00:02:31+00:00\" \/>\n<meta name=\"twitter:card\" content=\"summary_large_image\" \/>\n<meta name=\"twitter:site\" content=\"@AFGES\" \/>\n<script type=\"application\/ld+json\" class=\"yoast-schema-graph\">{\"@context\":\"https:\/\/schema.org\",\"@graph\":[{\"@type\":\"WebPage\",\"@id\":\"https:\/\/afges.org\/en\/contact\/\",\"url\":\"https:\/\/afges.org\/en\/contact\/\",\"name\":\"Nous contacter - AFGES\",\"isPartOf\":{\"@id\":\"https:\/\/www.afges.org\/#website\"},\"datePublished\":\"2022-12-29T08:58:35+00:00\",\"dateModified\":\"2025-01-06T00:02:31+00:00\",\"breadcrumb\":{\"@id\":\"https:\/\/afges.org\/en\/contact\/#breadcrumb\"},\"inLanguage\":\"en-US\",\"potentialAction\":[{\"@type\":\"ReadAction\",\"target\":[\"https:\/\/afges.org\/en\/contact\/\"]}]},{\"@type\":\"BreadcrumbList\",\"@id\":\"https:\/\/afges.org\/en\/contact\/#breadcrumb\",\"itemListElement\":[{\"@type\":\"ListItem\",\"position\":1,\"name\":\"Accueil\",\"item\":\"https:\/\/www.afges.org\/\"},{\"@type\":\"ListItem\",\"position\":2,\"name\":\"Nous contacter\"}]},{\"@type\":\"WebSite\",\"@id\":\"https:\/\/www.afges.org\/#website\",\"url\":\"https:\/\/www.afges.org\/\",\"name\":\"AFGES, les \u00c9tudiant-e-s d\u2019Alsace\",\"description\":\"Les \u00c9tudiant-e-s d\u2019Alsace\",\"publisher\":{\"@id\":\"https:\/\/www.afges.org\/#organization\"},\"potentialAction\":[{\"@type\":\"SearchAction\",\"target\":{\"@type\":\"EntryPoint\",\"urlTemplate\":\"https:\/\/www.afges.org\/?s={search_term_string}\"},\"query-input\":{\"@type\":\"PropertyValueSpecification\",\"valueRequired\":true,\"valueName\":\"search_term_string\"}}],\"inLanguage\":\"en-US\"},{\"@type\":\"Organization\",\"@id\":\"https:\/\/www.afges.org\/#organization\",\"name\":\"AFGES, les \u00c9tudiant-e-s d\u2019Alsace\",\"url\":\"https:\/\/www.afges.org\/\",\"logo\":{\"@type\":\"ImageObject\",\"inLanguage\":\"en-US\",\"@id\":\"https:\/\/www.afges.org\/#\/schema\/logo\/image\/\",\"url\":\"\/wp-content\/uploads\/2025\/08\/Logo-AFGES-Orange-scaled.png\",\"contentUrl\":\"\/wp-content\/uploads\/2025\/08\/Logo-AFGES-Orange-scaled.png\",\"width\":2302,\"height\":2560,\"caption\":\"AFGES, les \u00c9tudiant-e-s d\u2019Alsace\"},\"image\":{\"@id\":\"https:\/\/www.afges.org\/#\/schema\/logo\/image\/\"},\"sameAs\":[\"https:\/\/www.facebook.com\/AFGES\",\"https:\/\/x.com\/AFGES\"]}]}<\/script>\n<!-- \/ Yoast SEO plugin. -->","yoast_head_json":{"title":"Nous contacter - AFGES","robots":{"index":"index","follow":"follow","max-snippet":"max-snippet:-1","max-image-preview":"max-image-preview:large","max-video-preview":"max-video-preview:-1"},"canonical":"https:\/\/afges.org\/en\/contact\/","og_locale":"en_US","og_type":"article","og_title":"Nous contacter - AFGES","og_description":"Nous contacter Pour toute prise de contact relative \u00e0 un partenariat, un \u00e9v\u00e9nement ou une demande d&rsquo;information sur notre association : Par mail \u00e0 l&rsquo;adresse contact@afges.org ; ou sur notre standard (+33 6 72 92 68 92). Pour toute question concernant nos \u00e9piceries sociales, les AGORA\u00e9 : Par mail \u00e0 l&rsquo;adresse agorae@afges.org ; ou sur [&hellip;]","og_url":"https:\/\/afges.org\/en\/contact\/","og_site_name":"AFGES","article_publisher":"https:\/\/www.facebook.com\/AFGES","article_modified_time":"2025-01-06T00:02:31+00:00","twitter_card":"summary_large_image","twitter_site":"@AFGES","schema":{"@context":"https:\/\/schema.org","@graph":[{"@type":"WebPage","@id":"https:\/\/afges.org\/en\/contact\/","url":"https:\/\/afges.org\/en\/contact\/","name":"Nous contacter - AFGES","isPartOf":{"@id":"https:\/\/www.afges.org\/#website"},"datePublished":"2022-12-29T08:58:35+00:00","dateModified":"2025-01-06T00:02:31+00:00","breadcrumb":{"@id":"https:\/\/afges.org\/en\/contact\/#breadcrumb"},"inLanguage":"en-US","potentialAction":[{"@type":"ReadAction","target":["https:\/\/afges.org\/en\/contact\/"]}]},{"@type":"BreadcrumbList","@id":"https:\/\/afges.org\/en\/contact\/#breadcrumb","itemListElement":[{"@type":"ListItem","position":1,"name":"Accueil","item":"https:\/\/www.afges.org\/"},{"@type":"ListItem","position":2,"name":"Nous contacter"}]},{"@type":"WebSite","@id":"https:\/\/www.afges.org\/#website","url":"https:\/\/www.afges.org\/","name":"AFGES, les \u00c9tudiant-e-s d\u2019Alsace","description":"Les \u00c9tudiant-e-s d\u2019Alsace","publisher":{"@id":"https:\/\/www.afges.org\/#organization"},"potentialAction":[{"@type":"SearchAction","target":{"@type":"EntryPoint","urlTemplate":"https:\/\/www.afges.org\/?s={search_term_string}"},"query-input":{"@type":"PropertyValueSpecification","valueRequired":true,"valueName":"search_term_string"}}],"inLanguage":"en-US"},{"@type":"Organization","@id":"https:\/\/www.afges.org\/#organization","name":"AFGES, les \u00c9tudiant-e-s d\u2019Alsace","url":"https:\/\/www.afges.org\/","logo":{"@type":"ImageObject","inLanguage":"en-US","@id":"https:\/\/www.afges.org\/#\/schema\/logo\/image\/","url":"\/wp-content\/uploads\/2025\/08\/Logo-AFGES-Orange-scaled.png","contentUrl":"\/wp-content\/uploads\/2025\/08\/Logo-AFGES-Orange-scaled.png","width":2302,"height":2560,"caption":"AFGES, les \u00c9tudiant-e-s d\u2019Alsace"},"image":{"@id":"https:\/\/www.afges.org\/#\/schema\/logo\/image\/"},"sameAs":["https:\/\/www.facebook.com\/AFGES","https:\/\/x.com\/AFGES"]}]}},"_links":{"self":[{"href":"https:\/\/interne.afges.org\/en\/wp-json\/wp\/v2\/pages\/52","targetHints":{"allow":["GET"]}}],"collection":[{"href":"https:\/\/interne.afges.org\/en\/wp-json\/wp\/v2\/pages"}],"about":[{"href":"https:\/\/interne.afges.org\/en\/wp-json\/wp\/v2\/types\/page"}],"author":[{"embeddable":true,"href":"https:\/\/interne.afges.org\/en\/wp-json\/wp\/v2\/users\/1"}],"replies":[{"embeddable":true,"href":"https:\/\/interne.afges.org\/en\/wp-json\/wp\/v2\/comments?post=52"}],"version-history":[{"count":23,"href":"https:\/\/interne.afges.org\/en\/wp-json\/wp\/v2\/pages\/52\/revisions"}],"predecessor-version":[{"id":1375,"href":"https:\/\/interne.afges.org\/en\/wp-json\/wp\/v2\/pages\/52\/revisions\/1375"}],"wp:attachment":[{"href":"https:\/\/interne.afges.org\/en\/wp-json\/wp\/v2\/media?parent=52"}],"curies":[{"name":"wp","href":"https:\/\/api.w.org\/{rel}","templated":true}]}}